{"id":13,"date":"2024-06-10T14:52:41","date_gmt":"2024-06-10T12:52:41","guid":{"rendered":"https:\/\/objectifquebec.fr\/?page_id=13"},"modified":"2024-06-10T14:52:41","modified_gmt":"2024-06-10T12:52:41","slug":"lire-le-blog","status":"publish","type":"page","link":"https:\/\/objectifquebec.fr\/?page_id=13","title":{"rendered":"Lire le blog"},"content":{"rendered":"\n<div class=\"wp-block-group alignwide is-layout-flow wp-block-group-is-layout-flow\">\n<p style=\"text-transform:uppercase\">derniers articles<\/p>\n\n\n\n<div class=\"wp-block-query is-layout-flow wp-block-query-is-layout-flow\"><ul class=\"columns-3 wp-block-post-template is-layout-grid wp-container-core-post-template-is-layout-6d3fbd8f wp-block-post-template-is-layout-grid\"><li class=\"wp-block-post post-23 post type-post status-publish format-standard has-post-thumbnail hentry category-non-classe\">\n<figure style=\"height:310px;\" class=\"wp-block-post-featured-image\"><a href=\"https:\/\/objectifquebec.fr\/?p=23\" target=\"_self\"  style=\"height:310px\"><img loading=\"lazy\" decoding=\"async\" width=\"1024\" height=\"1024\" src=\"https:\/\/objectifquebec.fr\/wp-content\/uploads\/2024\/08\/44152e29-a125-41ec-8396-20f5bb7344c1.webp\" class=\"attachment-post-thumbnail size-post-thumbnail wp-post-image\" alt=\"J-8 Avant le d\u00e9part\" style=\"height:310px;object-fit:cover;\" srcset=\"https:\/\/objectifquebec.fr\/wp-content\/uploads\/2024\/08\/44152e29-a125-41ec-8396-20f5bb7344c1.webp 1024w, https:\/\/objectifquebec.fr\/wp-content\/uploads\/2024\/08\/44152e29-a125-41ec-8396-20f5bb7344c1-300x300.webp 300w, https:\/\/objectifquebec.fr\/wp-content\/uploads\/2024\/08\/44152e29-a125-41ec-8396-20f5bb7344c1-150x150.webp 150w, https:\/\/objectifquebec.fr\/wp-content\/uploads\/2024\/08\/44152e29-a125-41ec-8396-20f5bb7344c1-768x768.webp 768w\" sizes=\"auto, (max-width: 1024px) 100vw, 1024px\" \/><\/a><\/figure>\n\n<h2 class=\"wp-block-post-title has-large-font-size\"><a href=\"https:\/\/objectifquebec.fr\/?p=23\" target=\"_self\" >J-8 Avant le d\u00e9part<\/a><\/h2>\n\n<div class=\"wp-block-post-excerpt\"><p class=\"wp-block-post-excerpt__excerpt\">D\u00e9j\u00e0 65 jours se sont \u00e9coul\u00e9 depuis le dernier article. 65 jours durant lesquels nous avons tri\u00e9, emball\u00e9, vendu, donn\u00e9 nos affaires. Les affaires de nos deux vies. Sous la chaleur accablante de Montpellier, nous avons vraiment manqu\u00e9 de confort et surtout de sommeil. Mais nous y sommes enfin ! Nous avons rendu la maison&hellip; <\/p><\/div>\n\n<div class=\"wp-block-post-date has-small-font-size\"><time datetime=\"2024-08-14T15:12:53+02:00\">14 August 2024<\/time><\/div>\n<\/li><li class=\"wp-block-post post-11 post type-post status-publish format-standard has-post-thumbnail hentry category-preparation-depart\">\n<figure style=\"height:310px;\" class=\"wp-block-post-featured-image\"><a href=\"https:\/\/objectifquebec.fr\/?p=11\" target=\"_self\"  style=\"height:310px\"><img loading=\"lazy\" decoding=\"async\" width=\"1792\" height=\"1024\" src=\"https:\/\/objectifquebec.fr\/wp-content\/uploads\/2024\/06\/1.webp\" class=\"attachment-post-thumbnail size-post-thumbnail wp-post-image\" alt=\"J \u2013 73 Avant le d\u00e9part\" style=\"height:310px;object-fit:cover;\" srcset=\"https:\/\/objectifquebec.fr\/wp-content\/uploads\/2024\/06\/1.webp 1792w, https:\/\/objectifquebec.fr\/wp-content\/uploads\/2024\/06\/1-300x171.webp 300w, https:\/\/objectifquebec.fr\/wp-content\/uploads\/2024\/06\/1-1024x585.webp 1024w, https:\/\/objectifquebec.fr\/wp-content\/uploads\/2024\/06\/1-768x439.webp 768w, https:\/\/objectifquebec.fr\/wp-content\/uploads\/2024\/06\/1-1536x878.webp 1536w\" sizes=\"auto, (max-width: 1792px) 100vw, 1792px\" \/><\/a><\/figure>\n\n<h2 class=\"wp-block-post-title has-large-font-size\"><a href=\"https:\/\/objectifquebec.fr\/?p=11\" target=\"_self\" >J \u2013 73 Avant le d\u00e9part<\/a><\/h2>\n\n<div class=\"wp-block-post-excerpt\"><p class=\"wp-block-post-excerpt__excerpt\">Chaque jour la maison se vide un peu plus au fur et \u00e0 mesure qu\u2019on continue de vendre sur Leboncoin et Vinted. Heureusement qu\u2019on s\u2019y est pris en avance ! C\u2019est vraiment tr\u00e8s long de g\u00e9rer les ventes, n\u00e9gocier les prix, recevoir certains acheteurs, pr\u00e9parer les colis pour les autres\u2026 La fatigue s\u2019accumule mais nous&hellip; <\/p><\/div>\n\n<div class=\"wp-block-post-date has-small-font-size\"><time datetime=\"2024-06-10T14:51:11+02:00\">10 June 2024<\/time><\/div>\n<\/li><li class=\"wp-block-post post-1 post type-post status-publish format-standard hentry category-non-classe\">\n\n\n<h2 class=\"wp-block-post-title has-large-font-size\"><a href=\"https:\/\/objectifquebec.fr\/?p=1\" target=\"_self\" >Bonjour tout le monde\u00a0!<\/a><\/h2>\n\n<div class=\"wp-block-post-excerpt\"><p class=\"wp-block-post-excerpt__excerpt\">Bienvenue sur WordPress. Ceci est votre premier article. Modifiez-le ou supprimez-le, puis commencez \u00e0 \u00e9crire\u00a0! <\/p><\/div>\n\n<div class=\"wp-block-post-date has-small-font-size\"><time datetime=\"2024-06-10T14:29:41+02:00\">10 June 2024<\/time><\/div>\n<\/li><\/ul><\/div>\n<\/div>\n","protected":false},"excerpt":{"rendered":"<p>derniers articles<\/p>\n","protected":false},"author":1,"featured_media":0,"parent":0,"menu_order":0,"comment_status":"closed","ping_status":"closed","template":"","meta":{"footnotes":""},"class_list":["post-13","page","type-page","status-publish","hentry"],"_links":{"self":[{"href":"https:\/\/objectifquebec.fr\/index.php?rest_route=\/wp\/v2\/pages\/13","targetHints":{"allow":["GET"]}}],"collection":[{"href":"https:\/\/objectifquebec.fr\/index.php?rest_route=\/wp\/v2\/pages"}],"about":[{"href":"https:\/\/objectifquebec.fr\/index.php?rest_route=\/wp\/v2\/types\/page"}],"author":[{"embeddable":true,"href":"https:\/\/objectifquebec.fr\/index.php?rest_route=\/wp\/v2\/users\/1"}],"replies":[{"embeddable":true,"href":"https:\/\/objectifquebec.fr\/index.php?rest_route=%2Fwp%2Fv2%2Fcomments&post=13"}],"version-history":[{"count":1,"href":"https:\/\/objectifquebec.fr\/index.php?rest_route=\/wp\/v2\/pages\/13\/revisions"}],"predecessor-version":[{"id":14,"href":"https:\/\/objectifquebec.fr\/index.php?rest_route=\/wp\/v2\/pages\/13\/revisions\/14"}],"wp:attachment":[{"href":"https:\/\/objectifquebec.fr\/index.php?rest_route=%2Fwp%2Fv2%2Fmedia&parent=13"}],"curies":[{"name":"wp","href":"https:\/\/api.w.org\/{rel}","templated":true}]}}